{"id":4922,"date":"2024-11-13T16:10:21","date_gmt":"2024-11-13T21:10:21","guid":{"rendered":"https:\/\/tresorcolombien.com\/producto\/cena-folcloristica-spettacolo-min-10-pax\/"},"modified":"2024-11-13T16:10:21","modified_gmt":"2024-11-13T21:10:21","slug":"cena-folcloristica-spettacolo-min-10-pax","status":"publish","type":"product","link":"https:\/\/tresorcolombien.com\/it\/producto\/cena-folcloristica-spettacolo-min-10-pax\/","title":{"rendered":"CENA FOLCLORISTICA SPETTACOLO &#8211; Min. 10 pax"},"content":{"rendered":"<p>Cena spettacolo. La musica folcloristica, le canzoni e le danze hanno sempre fatto parte della cultura colombiana. Vi invitiamo a scoprire questo autentico universo di ritmi e colori con una cena-concerto folcloristica nel cuore de La Candelaria. Durante questa serata di festa, al vostro tavolo verr\u00e0 servita una cena tradizionale che vi permetter\u00e0 di scoprire e gustare le migliori specialit\u00e0 culinarie della Colombia. Condividere alcuni passi di danza con questi grandi artisti sar\u00e0 un&#8217;esperienza indimenticabile.<\/p>\n","protected":false},"excerpt":{"rendered":"<p>Min. 10 pax<br \/>\n<strong>INCLUDE:<\/strong><br \/>\n Traduttore bilingue.<br \/>\nIngresso alla cena spettacolo.<br \/>\nCena in 3 portate: antipasto &#8211; piatto principale &#8211; dessert.<br \/>\nBevanda analcolica.<br \/>\nFotoframe.<br \/>\nAssicurazione di viaggio.<br \/>\n<strong>NON INCLUSO:<\/strong><br \/>\nTrasporto.<br \/>\nSpese non specificate nel programma.<br \/>\nBevande alcoliche.<br \/>\n<strong>LEGGI LA DESCRIZIONE QUI SOTTO<\/strong><\/p>\n","protected":false},"featured_media":2765,"template":"","meta":{"_acf_changed":false,"site-sidebar-layout":"default","site-content-layout":"","ast-site-content-layout":"default","site-content-style":"default","site-sidebar-style":"default","ast-global-header-display":"","ast-banner-title-visibility":"","ast-main-header-display":"","ast-hfb-above-header-display":"","ast-hfb-below-header-display":"","ast-hfb-mobile-header-display":"","site-post-title":"","ast-breadcrumbs-content":"","ast-featured-img":"","footer-sml-layout":"","ast-disable-related-posts":"","theme-transparent-header-meta":"default","adv-header-id-meta":"","stick-header-meta":"","header-above-stick-meta":"","header-main-stick-meta":"","header-below-stick-meta":"","astra-migrate-meta-layouts":"default","ast-page-background-enabled":"default","ast-page-background-meta":{"desktop":{"background-color":"var(--ast-global-color-4)","background-image":"","background-repeat":"repeat","background-position":"center center","background-size":"auto","background-attachment":"scroll","background-type":"","background-media":"","overlay-type":"","overlay-color":"","overlay-opacity":"","overlay-gradient":""},"tablet":{"background-color":"","background-image":"","background-repeat":"repeat","background-position":"center center","background-size":"auto","background-attachment":"scroll","background-type":"","background-media":"","overlay-type":"","overlay-color":"","overlay-opacity":"","overlay-gradient":""},"mobile":{"background-color":"","background-image":"","background-repeat":"repeat","background-position":"center center","background-size":"auto","background-attachment":"scroll","background-type":"","background-media":"","overlay-type":"","overlay-color":"","overlay-opacity":"","overlay-gradient":""}},"ast-content-background-meta":{"desktop":{"background-color":"var(--ast-global-color-5)","background-image":"","background-repeat":"repeat","background-position":"center center","background-size":"auto","background-attachment":"scroll","background-type":"","background-media":"","overlay-type":"","overlay-color":"","overlay-opacity":"","overlay-gradient":""},"tablet":{"background-color":"var(--ast-global-color-5)","background-image":"","background-repeat":"repeat","background-position":"center center","background-size":"auto","background-attachment":"scroll","background-type":"","background-media":"","overlay-type":"","overlay-color":"","overlay-opacity":"","overlay-gradient":""},"mobile":{"background-color":"var(--ast-global-color-5)","background-image":"","background-repeat":"repeat","background-position":"center center","background-size":"auto","background-attachment":"scroll","background-type":"","background-media":"","overlay-type":"","overlay-color":"","overlay-opacity":"","overlay-gradient":""}},"_joinchat":[]},"product_brand":[],"product_cat":[339,363],"product_tag":[425,437],"class_list":{"0":"post-4922","1":"product","2":"type-product","3":"status-publish","4":"has-post-thumbnail","6":"product_cat-bogota-e-dintorni","7":"product_cat-cena-spettacolo","8":"product_tag-culturale","9":"product_tag-gastronomia-it","10":"desktop-align-left","11":"tablet-align-left","12":"mobile-align-left","14":"first","15":"instock","16":"shipping-taxable","17":"product-type-simple"},"acf":[],"_links":{"self":[{"href":"https:\/\/tresorcolombien.com\/it\/wp-json\/wp\/v2\/product\/4922","targetHints":{"allow":["GET"]}}],"collection":[{"href":"https:\/\/tresorcolombien.com\/it\/wp-json\/wp\/v2\/product"}],"about":[{"href":"https:\/\/tresorcolombien.com\/it\/wp-json\/wp\/v2\/types\/product"}],"version-history":[{"count":0,"href":"https:\/\/tresorcolombien.com\/it\/wp-json\/wp\/v2\/product\/4922\/revisions"}],"wp:featuredmedia":[{"embeddable":true,"href":"https:\/\/tresorcolombien.com\/it\/wp-json\/wp\/v2\/media\/2765"}],"wp:attachment":[{"href":"https:\/\/tresorcolombien.com\/it\/wp-json\/wp\/v2\/media?parent=4922"}],"wp:term":[{"taxonomy":"product_brand","embeddable":true,"href":"https:\/\/tresorcolombien.com\/it\/wp-json\/wp\/v2\/product_brand?post=4922"},{"taxonomy":"product_cat","embeddable":true,"href":"https:\/\/tresorcolombien.com\/it\/wp-json\/wp\/v2\/product_cat?post=4922"},{"taxonomy":"product_tag","embeddable":true,"href":"https:\/\/tresorcolombien.com\/it\/wp-json\/wp\/v2\/product_tag?post=4922"}],"curies":[{"name":"wp","href":"https:\/\/api.w.org\/{rel}","templated":true}]}}