{"id":4946,"date":"2024-11-13T16:11:30","date_gmt":"2024-11-13T21:11:30","guid":{"rendered":"https:\/\/tresorcolombien.com\/producto\/traversata-navigabile-per-mompoxpiano-5-giorni-4-notti-1-notte-arrivo-a-bucaramanga\/"},"modified":"2024-11-13T16:11:30","modified_gmt":"2024-11-13T21:11:30","slug":"traversata-navigabile-per-mompoxpiano-5-giorni-4-notti-1-notte-arrivo-a-bucaramanga","status":"publish","type":"product","link":"https:\/\/tresorcolombien.com\/it\/producto\/traversata-navigabile-per-mompoxpiano-5-giorni-4-notti-1-notte-arrivo-a-bucaramanga\/","title":{"rendered":"Traversata navigabile per Mompox<br>Piano 5 giorni\/4 notti<\/br> (+1 notte arrivo a Bucaramanga)"},"content":{"rendered":"<p>Attraversamento navigabile per mompox. Il nostro viaggio inizia da Bucaramanga. Dovresti pianificare di arrivare la sera prima dell&#8217;inizio del viaggio, cio\u00e8 si consiglia di trascorrere la notte a Bucaramanga per poter iniziare il viaggio in totale normalit\u00e0. La notte in hotel \u00e8 inclusa nel pacchetto. Un viaggio inedito che ci permette di ricostruire, seguendo le orme della letteratura di Gabriel Garc\u00eda M\u00e1rquez nel suo libro L&#8217;amore ai tempi del colera, quei bellissimi viaggi navigando la madeleine come ai tempi di una volta. 6 ore di navigazione per percorrere quasi 90 km di questo fiume lussureggiante che ci porter\u00e0 al porto del valico navigabile per Mompox. Due notti in questo splendido luogo che \u00e8 patrimonio architettonico dell&#8217;umanit\u00e0, la sua architettura, le sue tradizioni e la sua storia renderanno questo viaggio un&#8217;esperienza indimenticabile. Il tour termina nella perla d&#8217;oro della Colombia, la citt\u00e0 eroica di Cartagena.         &nbsp;<\/p>\n<table style=\"height: 428px;\" width=\"1359\">\n<tbody>\n<tr>\n<td width=\"80\">GIORNO 0<\/td>\n<td width=\"110\"><\/td>\n<td width=\"259\">Volo Bucaramanga (Non incluso) Notte in Hotel a Bucaramanga (Incluso)<\/td>\n<\/tr>\n<tr>\n<td>GIORNO 1<\/td>\n<td><\/td>\n<td width=\"259\">Bucaramanga &gt; El Banco &gt; Mompox Partenza ore 6:00. Punto d&#8217;incontro Bucaramanga <\/td>\n<\/tr>\n<tr>\n<td>GIORNO 2<\/td>\n<td><\/td>\n<td>Vaiolo<\/td>\n<\/tr>\n<tr>\n<td>GIORNO 3<\/td>\n<td><\/td>\n<td>Vaiolo &gt; Cartagena<\/td>\n<\/tr>\n<tr>\n<td>GIORNO 4<\/td>\n<td><\/td>\n<td>Cartagena &gt; Tour della citt\u00e0<\/td>\n<\/tr>\n<tr>\n<td>GIORNO 5<\/td>\n<td><\/td>\n<td>Cartagena &gt; Citt\u00e0 di provenienza Fine servizio<\/td>\n<\/tr>\n<tr>\n<td><\/td>\n<td><\/td>\n<td><\/td>\n<\/tr>\n<tr>\n<td><\/td>\n<td><\/td>\n<td width=\"259\"><\/td>\n<\/tr>\n<\/tbody>\n<\/table>\n<p>  Prerequisiti per la realizzazione del <strong>&#8220;Traverso navigabile per Mompox&#8221;:<\/strong><\/p>\n<ul>\n<li>La partenza \u00e8 garantita purch\u00e9 l&#8217;attivit\u00e0 venga svolta con un minimo di 20 passeggeri.<\/li>\n<\/ul>\n<blockquote><p>Visita le nostre reti: <a href=\"https:\/\/www.instagram.com\/tresor_colombien\/\">Instagram<\/a><a href=\"https:\/\/www.facebook.com\/tresorcolombien\/\">Facebook<\/a><\/p><\/blockquote>\n","protected":false},"excerpt":{"rendered":"<p><span style=\"color: #ff00ff;\"><strong>Include: <\/strong><\/span>-Biglietto aereo Cartagena &gt; Destinazione citt\u00e0 (Bogot\u00e0 &#8211; Cali- Medellin- Bucaramanga). -Trasferimenti via terra &#8211; Navigazione esclusiva sul fiume Magdalena -Esclusivit\u00e0 Tresor Colombien. -Sistemazione completa compresa la notte in hotel al punto di partenza da Bucaramanga -Hotel 4-5. -Pasti completi (3 pasti) -Spuntini e idratazione (acqua) -Assicurazione di viaggio. -Accompagnatore turistico &#8211; Guida durante tutto il viaggio -Biglietti d&#8217;ingresso ai siti turistici e alle attivit\u00e0 menzionate nel programma -Tour di pesca nelle mangrovie -Ingresso al castello di San Felipe -Tramonto su uno yacht nella baia di Cartagena. <span style=\"color: #ff00ff;\"><strong>Non incluso: <\/strong><\/span>-Biglietto dalla citt\u00e0 di origine al punto di partenza. -Mance da autisti, accompagnatori turistici, guide locali, portabagagli ecc. -Bevande alcoliche. -Tutto ci\u00f2 che non \u00e8 menzionato nel programma.       <\/p>\n","protected":false},"featured_media":2852,"template":"","meta":{"_acf_changed":false,"site-sidebar-layout":"default","site-content-layout":"","ast-site-content-layout":"default","site-content-style":"default","site-sidebar-style":"default","ast-global-header-display":"","ast-banner-title-visibility":"","ast-main-header-display":"","ast-hfb-above-header-display":"","ast-hfb-below-header-display":"","ast-hfb-mobile-header-display":"","site-post-title":"","ast-breadcrumbs-content":"","ast-featured-img":"","footer-sml-layout":"","ast-disable-related-posts":"","theme-transparent-header-meta":"default","adv-header-id-meta":"","stick-header-meta":"","header-above-stick-meta":"","header-main-stick-meta":"","header-below-stick-meta":"","astra-migrate-meta-layouts":"default","ast-page-background-enabled":"default","ast-page-background-meta":{"desktop":{"background-color":"var(--ast-global-color-4)","background-image":"","background-repeat":"repeat","background-position":"center center","background-size":"auto","background-attachment":"scroll","background-type":"","background-media":"","overlay-type":"","overlay-color":"","overlay-opacity":"","overlay-gradient":""},"tablet":{"background-color":"","background-image":"","background-repeat":"repeat","background-position":"center center","background-size":"auto","background-attachment":"scroll","background-type":"","background-media":"","overlay-type":"","overlay-color":"","overlay-opacity":"","overlay-gradient":""},"mobile":{"background-color":"","background-image":"","background-repeat":"repeat","background-position":"center center","background-size":"auto","background-attachment":"scroll","background-type":"","background-media":"","overlay-type":"","overlay-color":"","overlay-opacity":"","overlay-gradient":""}},"ast-content-background-meta":{"desktop":{"background-color":"var(--ast-global-color-5)","background-image":"","background-repeat":"repeat","background-position":"center center","background-size":"auto","background-attachment":"scroll","background-type":"","background-media":"","overlay-type":"","overlay-color":"","overlay-opacity":"","overlay-gradient":""},"tablet":{"background-color":"var(--ast-global-color-5)","background-image":"","background-repeat":"repeat","background-position":"center center","background-size":"auto","background-attachment":"scroll","background-type":"","background-media":"","overlay-type":"","overlay-color":"","overlay-opacity":"","overlay-gradient":""},"mobile":{"background-color":"var(--ast-global-color-5)","background-image":"","background-repeat":"repeat","background-position":"center center","background-size":"auto","background-attachment":"scroll","background-type":"","background-media":"","overlay-type":"","overlay-color":"","overlay-opacity":"","overlay-gradient":""}},"_joinchat":[]},"product_brand":[],"product_cat":[373,371],"product_tag":[425,431],"class_list":{"0":"post-4946","1":"product","2":"type-product","3":"status-publish","4":"has-post-thumbnail","6":"product_cat-attraversamento-navigabile","7":"product_cat-uscite-fisse","8":"product_tag-culturale","9":"product_tag-famiglia","10":"desktop-align-left","11":"tablet-align-left","12":"mobile-align-left","14":"first","15":"instock","16":"shipping-taxable","17":"purchasable","18":"product-type-simple"},"acf":[],"_links":{"self":[{"href":"https:\/\/tresorcolombien.com\/it\/wp-json\/wp\/v2\/product\/4946","targetHints":{"allow":["GET"]}}],"collection":[{"href":"https:\/\/tresorcolombien.com\/it\/wp-json\/wp\/v2\/product"}],"about":[{"href":"https:\/\/tresorcolombien.com\/it\/wp-json\/wp\/v2\/types\/product"}],"version-history":[{"count":0,"href":"https:\/\/tresorcolombien.com\/it\/wp-json\/wp\/v2\/product\/4946\/revisions"}],"wp:featuredmedia":[{"embeddable":true,"href":"https:\/\/tresorcolombien.com\/it\/wp-json\/wp\/v2\/media\/2852"}],"wp:attachment":[{"href":"https:\/\/tresorcolombien.com\/it\/wp-json\/wp\/v2\/media?parent=4946"}],"wp:term":[{"taxonomy":"product_brand","embeddable":true,"href":"https:\/\/tresorcolombien.com\/it\/wp-json\/wp\/v2\/product_brand?post=4946"},{"taxonomy":"product_cat","embeddable":true,"href":"https:\/\/tresorcolombien.com\/it\/wp-json\/wp\/v2\/product_cat?post=4946"},{"taxonomy":"product_tag","embeddable":true,"href":"https:\/\/tresorcolombien.com\/it\/wp-json\/wp\/v2\/product_tag?post=4946"}],"curies":[{"name":"wp","href":"https:\/\/api.w.org\/{rel}","templated":true}]}}