{"id":4949,"date":"2024-11-13T16:11:21","date_gmt":"2024-11-13T21:11:21","guid":{"rendered":"https:\/\/tresorcolombien.com\/producto\/tesoro-di-wayuu-piano-4-giorni-3-notti\/"},"modified":"2024-11-13T16:11:21","modified_gmt":"2024-11-13T21:11:21","slug":"tesoro-di-wayuu-piano-4-giorni-3-notti","status":"publish","type":"product","link":"https:\/\/tresorcolombien.com\/it\/producto\/tesoro-di-wayuu-piano-4-giorni-3-notti\/","title":{"rendered":"Tesoro di Way\u00fau <br>Piano 4 giorni \/ 3 notti<\/br>"},"content":{"rendered":"<p><strong>Tesoro Way\u00fau. <\/strong><strong>SANTUARIO DEI FENICOTTERI, CABO DE LA VELA <\/strong><strong>E PUNTA GALLINAS<\/strong> Questa destinazione ci offre contrasti di colori caldi nel mezzo del suo deserto unico nel paese. Ha spiagge e gigantesche dune di sabbia che si riversano in un mare cristallino dando la sensazione di spiagge vergini. Partenza da Riohacha e attraversamento di Cabo de la Vela fino a Punta Gallinas, il punto pi\u00f9 settentrionale del continente latinoamericano. Potrai scoprire la magia della condivisione con la comunit\u00e0 indigena Way\u00fau, capire i loro riti e tradizioni, assaggiare la migliore aragosta cucinata in riva al mare, praticare la loro tessitura tradizionale nella fabbricazione di zaini. Visita il santuario della fauna e della flora dei fenicotteri e vivi l&#8217;esperienza di dormire all&#8217;aperto nelle Rancher\u00edas e sulle amache in riva al mare. \u00c8 senza dubbio il luogo pi\u00f9 magico della Colombia. Inoltre, puoi contemplare i migliori tramonti in riva al mare. In questo modo, apprezza il meraviglioso tesoro di Way\u00fau. Raccomandazioni: Portare borraccia, coltellino tascabile, articoli da toeletta (spazzola e asciugamano, sapone e dentifricio; questi ultimi due preferibilmente biodegradabili), scarpe sportive e sandali o scarpe da spiaggia, 2 o 3 cambi di vestiti per la stagione calda, costume da bagno e pantaloncini, torcia con batterie di ricambio, crema solare e crema solare, repellente per insetti, occhiali da sole con filtro UV,  Cappello o berretto, kit di pronto soccorso personale, coperta leggera e macchina fotografica. <\/p>\n<blockquote><p>Visita le nostre reti: <a href=\"https:\/\/www.instagram.com\/tresor_colombien\/\">Instagram<\/a><a href=\"https:\/\/www.facebook.com\/tresorcolombien\/\">Facebook<\/a><\/p><\/blockquote>\n","protected":false},"excerpt":{"rendered":"<p><strong>INCLUDE: <\/strong>Trasporto in camper 4&#215;4 e con piena disponibilit\u00e0 durante tutto il viaggio, con servizio di autisti indigeni Wayuu. Alloggio: Una notte al Santuario dei Fenicotteri a letto o su un&#8217;amaca, una notte a Cabo de la Vela su un&#8217;amaca e una notte a Punta Gallinas, su un&#8217;amaca. Cibo tipico (uova, pesce, gamberetti, capra e pollo creolo) dal pranzo del primo giorno, fino al pranzo del quarto giorno. Assicurazione di viaggio. <strong>NON INCLUSO: <\/strong>Voli nazionali Riohacha&gt;Bogot\u00e0 &#8211; Bogot\u00e0&gt;Riohacha Spese non specificate nel programma.     <strong> <\/strong><\/p>\n","protected":false},"featured_media":2837,"template":"","meta":{"_acf_changed":false,"site-sidebar-layout":"default","site-content-layout":"","ast-site-content-layout":"default","site-content-style":"default","site-sidebar-style":"default","ast-global-header-display":"","ast-banner-title-visibility":"","ast-main-header-display":"","ast-hfb-above-header-display":"","ast-hfb-below-header-display":"","ast-hfb-mobile-header-display":"","site-post-title":"","ast-breadcrumbs-content":"","ast-featured-img":"","footer-sml-layout":"","ast-disable-related-posts":"","theme-transparent-header-meta":"default","adv-header-id-meta":"","stick-header-meta":"","header-above-stick-meta":"","header-main-stick-meta":"","header-below-stick-meta":"","astra-migrate-meta-layouts":"default","ast-page-background-enabled":"default","ast-page-background-meta":{"desktop":{"background-color":"var(--ast-global-color-4)","background-image":"","background-repeat":"repeat","background-position":"center center","background-size":"auto","background-attachment":"scroll","background-type":"","background-media":"","overlay-type":"","overlay-color":"","overlay-opacity":"","overlay-gradient":""},"tablet":{"background-color":"","background-image":"","background-repeat":"repeat","background-position":"center center","background-size":"auto","background-attachment":"scroll","background-type":"","background-media":"","overlay-type":"","overlay-color":"","overlay-opacity":"","overlay-gradient":""},"mobile":{"background-color":"","background-image":"","background-repeat":"repeat","background-position":"center center","background-size":"auto","background-attachment":"scroll","background-type":"","background-media":"","overlay-type":"","overlay-color":"","overlay-opacity":"","overlay-gradient":""}},"ast-content-background-meta":{"desktop":{"background-color":"var(--ast-global-color-5)","background-image":"","background-repeat":"repeat","background-position":"center center","background-size":"auto","background-attachment":"scroll","background-type":"","background-media":"","overlay-type":"","overlay-color":"","overlay-opacity":"","overlay-gradient":""},"tablet":{"background-color":"var(--ast-global-color-5)","background-image":"","background-repeat":"repeat","background-position":"center center","background-size":"auto","background-attachment":"scroll","background-type":"","background-media":"","overlay-type":"","overlay-color":"","overlay-opacity":"","overlay-gradient":""},"mobile":{"background-color":"var(--ast-global-color-5)","background-image":"","background-repeat":"repeat","background-position":"center center","background-size":"auto","background-attachment":"scroll","background-type":"","background-media":"","overlay-type":"","overlay-color":"","overlay-opacity":"","overlay-gradient":""}},"_joinchat":[]},"product_brand":[],"product_cat":[370,372,371],"product_tag":[422,425,434],"class_list":{"0":"post-4949","1":"product","2":"type-product","3":"status-publish","4":"has-post-thumbnail","6":"product_cat-destinazioni-esotiche","7":"product_cat-tesoro-di-wayuu","8":"product_cat-uscite-fisse","9":"product_tag-avventura","10":"product_tag-culturale","11":"product_tag-fauna-it","12":"desktop-align-left","13":"tablet-align-left","14":"mobile-align-left","16":"first","17":"instock","18":"shipping-taxable","19":"purchasable","20":"product-type-simple"},"acf":[],"_links":{"self":[{"href":"https:\/\/tresorcolombien.com\/it\/wp-json\/wp\/v2\/product\/4949","targetHints":{"allow":["GET"]}}],"collection":[{"href":"https:\/\/tresorcolombien.com\/it\/wp-json\/wp\/v2\/product"}],"about":[{"href":"https:\/\/tresorcolombien.com\/it\/wp-json\/wp\/v2\/types\/product"}],"version-history":[{"count":0,"href":"https:\/\/tresorcolombien.com\/it\/wp-json\/wp\/v2\/product\/4949\/revisions"}],"wp:featuredmedia":[{"embeddable":true,"href":"https:\/\/tresorcolombien.com\/it\/wp-json\/wp\/v2\/media\/2837"}],"wp:attachment":[{"href":"https:\/\/tresorcolombien.com\/it\/wp-json\/wp\/v2\/media?parent=4949"}],"wp:term":[{"taxonomy":"product_brand","embeddable":true,"href":"https:\/\/tresorcolombien.com\/it\/wp-json\/wp\/v2\/product_brand?post=4949"},{"taxonomy":"product_cat","embeddable":true,"href":"https:\/\/tresorcolombien.com\/it\/wp-json\/wp\/v2\/product_cat?post=4949"},{"taxonomy":"product_tag","embeddable":true,"href":"https:\/\/tresorcolombien.com\/it\/wp-json\/wp\/v2\/product_tag?post=4949"}],"curies":[{"name":"wp","href":"https:\/\/api.w.org\/{rel}","templated":true}]}}