{"id":4972,"date":"2024-11-13T16:07:16","date_gmt":"2024-11-13T21:07:16","guid":{"rendered":"https:\/\/tresorcolombien.com\/producto\/alla-scoperta-del-cacao-piu-buono-del-mondo\/"},"modified":"2024-11-13T16:07:16","modified_gmt":"2024-11-13T21:07:16","slug":"alla-scoperta-del-cacao-piu-buono-del-mondo","status":"publish","type":"product","link":"https:\/\/tresorcolombien.com\/it\/producto\/alla-scoperta-del-cacao-piu-buono-del-mondo\/","title":{"rendered":"Alla scoperta del cacao pi\u00f9 buono del mondo"},"content":{"rendered":"<p>La Colombia non \u00e8 riconosciuta solo per il suo caff\u00e8, il migliore al mondo. Il cacao \u00e8 anche uno dei tesori del paese. Tradizionalmente coltivato dalle comunit\u00e0 indigene per millenni, oggi raggiunge cifre elevate di esportazione, catalogandolo come uno dei pi\u00f9 squisiti al mondo. Il cacao \u00e8 diventato una commodity legata alla transizione verso la pace, sostituendo le colture illecite. Nel laboratorio scopriremo i segreti del cacao 100% biologico, certificato dalla pianta al suo processo di trasformazione.  <\/p>\n<p>Visita le nostre reti:<br \/>\n<a href=\"https:\/\/www.instagram.com\/tresor_colombien\/\">Profilo Instagram<\/a><br \/>\n<a href=\"https:\/\/www.facebook.com\/tresorcolombien\/\">Contatti<\/a><\/p>\n","protected":false},"excerpt":{"rendered":"<p><strong>INCLUDE:<br \/>\n<\/strong>Visita della piantagione di cacao, della stazione di compostaggio, del mulino, della stazione di essiccazione artigianale e del laboratorio.<br \/>\n<strong>NON INCLUSO:<br \/>\n<\/strong>Spese non specificate nel programma.<br \/>\nTrasporto da Santander.<\/p>\n","protected":false},"featured_media":2570,"template":"","meta":{"_acf_changed":false,"site-sidebar-layout":"default","site-content-layout":"","ast-site-content-layout":"default","site-content-style":"default","site-sidebar-style":"default","ast-global-header-display":"","ast-banner-title-visibility":"","ast-main-header-display":"","ast-hfb-above-header-display":"","ast-hfb-below-header-display":"","ast-hfb-mobile-header-display":"","site-post-title":"","ast-breadcrumbs-content":"","ast-featured-img":"","footer-sml-layout":"","ast-disable-related-posts":"","theme-transparent-header-meta":"default","adv-header-id-meta":"","stick-header-meta":"","header-above-stick-meta":"","header-main-stick-meta":"","header-below-stick-meta":"","astra-migrate-meta-layouts":"default","ast-page-background-enabled":"default","ast-page-background-meta":{"desktop":{"background-color":"var(--ast-global-color-4)","background-image":"","background-repeat":"repeat","background-position":"center center","background-size":"auto","background-attachment":"scroll","background-type":"","background-media":"","overlay-type":"","overlay-color":"","overlay-opacity":"","overlay-gradient":""},"tablet":{"background-color":"","background-image":"","background-repeat":"repeat","background-position":"center center","background-size":"auto","background-attachment":"scroll","background-type":"","background-media":"","overlay-type":"","overlay-color":"","overlay-opacity":"","overlay-gradient":""},"mobile":{"background-color":"","background-image":"","background-repeat":"repeat","background-position":"center center","background-size":"auto","background-attachment":"scroll","background-type":"","background-media":"","overlay-type":"","overlay-color":"","overlay-opacity":"","overlay-gradient":""}},"ast-content-background-meta":{"desktop":{"background-color":"var(--ast-global-color-5)","background-image":"","background-repeat":"repeat","background-position":"center center","background-size":"auto","background-attachment":"scroll","background-type":"","background-media":"","overlay-type":"","overlay-color":"","overlay-opacity":"","overlay-gradient":""},"tablet":{"background-color":"var(--ast-global-color-5)","background-image":"","background-repeat":"repeat","background-position":"center center","background-size":"auto","background-attachment":"scroll","background-type":"","background-media":"","overlay-type":"","overlay-color":"","overlay-opacity":"","overlay-gradient":""},"mobile":{"background-color":"var(--ast-global-color-5)","background-image":"","background-repeat":"repeat","background-position":"center center","background-size":"auto","background-attachment":"scroll","background-type":"","background-media":"","overlay-type":"","overlay-color":"","overlay-opacity":"","overlay-gradient":""}},"_joinchat":[]},"product_brand":[],"product_cat":[343,344],"product_tag":[425,437],"class_list":{"0":"post-4972","1":"product","2":"type-product","3":"status-publish","4":"has-post-thumbnail","6":"product_cat-barichara-e-dintorni","7":"product_cat-cacao-it","8":"product_tag-culturale","9":"product_tag-gastronomia-it","10":"desktop-align-left","11":"tablet-align-left","12":"mobile-align-left","14":"first","15":"instock","16":"shipping-taxable","17":"purchasable","18":"product-type-simple"},"acf":[],"_links":{"self":[{"href":"https:\/\/tresorcolombien.com\/it\/wp-json\/wp\/v2\/product\/4972","targetHints":{"allow":["GET"]}}],"collection":[{"href":"https:\/\/tresorcolombien.com\/it\/wp-json\/wp\/v2\/product"}],"about":[{"href":"https:\/\/tresorcolombien.com\/it\/wp-json\/wp\/v2\/types\/product"}],"version-history":[{"count":0,"href":"https:\/\/tresorcolombien.com\/it\/wp-json\/wp\/v2\/product\/4972\/revisions"}],"wp:featuredmedia":[{"embeddable":true,"href":"https:\/\/tresorcolombien.com\/it\/wp-json\/wp\/v2\/media\/2570"}],"wp:attachment":[{"href":"https:\/\/tresorcolombien.com\/it\/wp-json\/wp\/v2\/media?parent=4972"}],"wp:term":[{"taxonomy":"product_brand","embeddable":true,"href":"https:\/\/tresorcolombien.com\/it\/wp-json\/wp\/v2\/product_brand?post=4972"},{"taxonomy":"product_cat","embeddable":true,"href":"https:\/\/tresorcolombien.com\/it\/wp-json\/wp\/v2\/product_cat?post=4972"},{"taxonomy":"product_tag","embeddable":true,"href":"https:\/\/tresorcolombien.com\/it\/wp-json\/wp\/v2\/product_tag?post=4972"}],"curies":[{"name":"wp","href":"https:\/\/api.w.org\/{rel}","templated":true}]}}