{"id":4978,"date":"2024-11-13T16:07:21","date_gmt":"2024-11-13T21:07:21","guid":{"rendered":"https:\/\/tresorcolombien.com\/producto\/sorvolando-il-chichamocha-canyon-in-elicottero\/"},"modified":"2024-11-13T16:07:21","modified_gmt":"2024-11-13T21:07:21","slug":"sorvolando-il-chichamocha-canyon-in-elicottero","status":"publish","type":"product","link":"https:\/\/tresorcolombien.com\/it\/producto\/sorvolando-il-chichamocha-canyon-in-elicottero\/","title":{"rendered":"Sorvolando il Chichamocha Canyon in elicottero"},"content":{"rendered":"<p>Vola in elicottero e apprezza la maestosa vista panoramica dell&#8217;imponente CHICAMOCHA CANYON, i colori vivaci e la grande profondit\u00e0 di questa meraviglia naturale del mondo. La maestosit\u00e0 di questo scenario \u00e8 unica in America Latina e viene paragonata solo a quella del Colorado Canyon negli Stati Uniti. La loro differenza, secondo gli esperti, \u00e8 che il canyon del fiume Chicamocha \u00e8 pi\u00f9 largo e profondo di quello del Colorado. (2000 metri). <strong>Punto di partenza e arrivo:<\/strong> Tavola dei Santi.<\/p>\n<p>Visita le nostre reti:<br \/>\n<a href=\"https:\/\/www.instagram.com\/tresor_colombien\/\">Profilo Instagram<\/a><br \/>\n<a href=\"https:\/\/www.facebook.com\/tresorcolombien\/\">Contatti<\/a><\/p>\n<p>&nbsp;<\/p>\n","protected":false},"excerpt":{"rendered":"<p><b>INCLUDE:<br \/>\n<\/b><\/p>\n<p>Volo in elicottero sul canyon di Chicamocha (10 min).<br \/>\n<strong><em>(attivit\u00e0 svolgibile, con una capienza minima di 6 persone).<\/em><\/strong><br \/>\nPartenza e arrivo a Mesa de los Santos.<br \/>\n<strong>NON INCLUSO:<br \/>\n<\/strong>Spese non specificate nel programma.<br \/>\nTrasporto.<\/p>\n","protected":false},"featured_media":2579,"template":"","meta":{"_acf_changed":false,"site-sidebar-layout":"default","site-content-layout":"","ast-site-content-layout":"default","site-content-style":"default","site-sidebar-style":"default","ast-global-header-display":"","ast-banner-title-visibility":"","ast-main-header-display":"","ast-hfb-above-header-display":"","ast-hfb-below-header-display":"","ast-hfb-mobile-header-display":"","site-post-title":"","ast-breadcrumbs-content":"","ast-featured-img":"","footer-sml-layout":"","ast-disable-related-posts":"","theme-transparent-header-meta":"","adv-header-id-meta":"","stick-header-meta":"","header-above-stick-meta":"","header-main-stick-meta":"","header-below-stick-meta":"","astra-migrate-meta-layouts":"default","ast-page-background-enabled":"default","ast-page-background-meta":{"desktop":{"background-color":"var(--ast-global-color-4)","background-image":"","background-repeat":"repeat","background-position":"center center","background-size":"auto","background-attachment":"scroll","background-type":"","background-media":"","overlay-type":"","overlay-color":"","overlay-opacity":"","overlay-gradient":""},"tablet":{"background-color":"","background-image":"","background-repeat":"repeat","background-position":"center center","background-size":"auto","background-attachment":"scroll","background-type":"","background-media":"","overlay-type":"","overlay-color":"","overlay-opacity":"","overlay-gradient":""},"mobile":{"background-color":"","background-image":"","background-repeat":"repeat","background-position":"center center","background-size":"auto","background-attachment":"scroll","background-type":"","background-media":"","overlay-type":"","overlay-color":"","overlay-opacity":"","overlay-gradient":""}},"ast-content-background-meta":{"desktop":{"background-color":"var(--ast-global-color-5)","background-image":"","background-repeat":"repeat","background-position":"center center","background-size":"auto","background-attachment":"scroll","background-type":"","background-media":"","overlay-type":"","overlay-color":"","overlay-opacity":"","overlay-gradient":""},"tablet":{"background-color":"var(--ast-global-color-5)","background-image":"","background-repeat":"repeat","background-position":"center center","background-size":"auto","background-attachment":"scroll","background-type":"","background-media":"","overlay-type":"","overlay-color":"","overlay-opacity":"","overlay-gradient":""},"mobile":{"background-color":"var(--ast-global-color-5)","background-image":"","background-repeat":"repeat","background-position":"center center","background-size":"auto","background-attachment":"scroll","background-type":"","background-media":"","overlay-type":"","overlay-color":"","overlay-opacity":"","overlay-gradient":""}},"_joinchat":[]},"product_brand":[],"product_cat":[343,345,346],"product_tag":[422,431],"class_list":{"0":"post-4978","1":"product","2":"type-product","3":"status-publish","4":"has-post-thumbnail","6":"product_cat-barichara-e-dintorni","7":"product_cat-chicamocha-in-elicottero","8":"product_cat-nuove-esperienze","9":"product_tag-avventura","10":"product_tag-famiglia","11":"desktop-align-left","12":"tablet-align-left","13":"mobile-align-left","15":"first","16":"instock","17":"shipping-taxable","18":"purchasable","19":"product-type-simple"},"acf":[],"_links":{"self":[{"href":"https:\/\/tresorcolombien.com\/it\/wp-json\/wp\/v2\/product\/4978","targetHints":{"allow":["GET"]}}],"collection":[{"href":"https:\/\/tresorcolombien.com\/it\/wp-json\/wp\/v2\/product"}],"about":[{"href":"https:\/\/tresorcolombien.com\/it\/wp-json\/wp\/v2\/types\/product"}],"version-history":[{"count":0,"href":"https:\/\/tresorcolombien.com\/it\/wp-json\/wp\/v2\/product\/4978\/revisions"}],"wp:featuredmedia":[{"embeddable":true,"href":"https:\/\/tresorcolombien.com\/it\/wp-json\/wp\/v2\/media\/2579"}],"wp:attachment":[{"href":"https:\/\/tresorcolombien.com\/it\/wp-json\/wp\/v2\/media?parent=4978"}],"wp:term":[{"taxonomy":"product_brand","embeddable":true,"href":"https:\/\/tresorcolombien.com\/it\/wp-json\/wp\/v2\/product_brand?post=4978"},{"taxonomy":"product_cat","embeddable":true,"href":"https:\/\/tresorcolombien.com\/it\/wp-json\/wp\/v2\/product_cat?post=4978"},{"taxonomy":"product_tag","embeddable":true,"href":"https:\/\/tresorcolombien.com\/it\/wp-json\/wp\/v2\/product_tag?post=4978"}],"curies":[{"name":"wp","href":"https:\/\/api.w.org\/{rel}","templated":true}]}}